{"id":79,"date":"2020-06-22T10:23:19","date_gmt":"2020-06-22T10:23:19","guid":{"rendered":"http:\/\/rs-aussenanlagen.de\/?page_id=79"},"modified":"2020-09-23T13:23:32","modified_gmt":"2020-09-23T13:23:32","slug":"dienstleistungen","status":"publish","type":"page","link":"http:\/\/rs-aussenanlagen.de\/?page_id=79","title":{"rendered":"Dienstleistungen"},"content":{"rendered":"<p><strong>Unsere Leistungen<\/strong><\/p>\n<p>&#8211; Baumschnitt<br \/>\n&#8211; Erdarbeiten<br \/>\n&#8211; Gartenh\u00e4user<br \/>\n&#8211; Gabionen<br \/>\n&#8211; Gr\u00fcnanlagenpflege<br \/>\n&#8211; Heckenschnitt<br \/>\n&#8211; Kreative Pflasterarbeiten<br \/>\n&#8211; Natursteinmauern<br \/>\n&#8211; Obst-Baumschnitt<br \/>\n&#8211; Pflasterarbeiten<br \/>\n&#8211; Pflanzen &amp; Baumpflegearbeiten<br \/>\n&#8211; Palisaden<br \/>\n&#8211; Podeste<br \/>\n&#8211; Rollrasen<br \/>\n&#8211; Sichtschutzw\u00e4nde<br \/>\n&#8211; Terrassen<br \/>\n&#8211; Terrassensanierungen<br \/>\n&#8211; Teichbau<br \/>\n&#8211; Zaun &amp; Toranlagen<\/p>\n<p><b>Rollrasen<\/b><\/p>\n<p><img loading=\"lazy\" decoding=\"async\" class=\"alignnone wp-image-381\" src=\"http:\/\/rs-aussenanlagen.de\/wp-content\/uploads\/2020\/06\/grass-3336700_1280-300x200.jpg\" alt=\"\" width=\"240\" height=\"160\" srcset=\"http:\/\/rs-aussenanlagen.de\/wp-content\/uploads\/2020\/06\/grass-3336700_1280-300x200.jpg 300w, http:\/\/rs-aussenanlagen.de\/wp-content\/uploads\/2020\/06\/grass-3336700_1280-1024x682.jpg 1024w, http:\/\/rs-aussenanlagen.de\/wp-content\/uploads\/2020\/06\/grass-3336700_1280-768x512.jpg 768w, http:\/\/rs-aussenanlagen.de\/wp-content\/uploads\/2020\/06\/grass-3336700_1280-90x60.jpg 90w, http:\/\/rs-aussenanlagen.de\/wp-content\/uploads\/2020\/06\/grass-3336700_1280-800x530.jpg 800w, http:\/\/rs-aussenanlagen.de\/wp-content\/uploads\/2020\/06\/grass-3336700_1280-420x280.jpg 420w, http:\/\/rs-aussenanlagen.de\/wp-content\/uploads\/2020\/06\/grass-3336700_1280.jpg 1280w\" sizes=\"auto, (max-width: 240px) 100vw, 240px\" \/><\/p>\n<p><strong>Wir verlegen Ihren Rollrasen<\/strong><\/p>\n<p>Wir verlegen Ihren Rollrasen<br \/>\nDer Rollrasen wird als Fertigrasen bezeichnet, dieser Rasen ist ein reines Naturprodukt. Auf einer Holzpalette transportiert, wird dieser Rasen zu einer geschlossenen Rasenfl\u00e4che ausgerollt und verlegt. Der Mutterboden wandelt sich so am selben Tag noch der zu einer frischen, gr\u00fcnen Rasenfl\u00e4che, die sofort begehbar ist. Nach 2-3 Wochen kann der Rollrasen voll uns ganz strapaziert werden.<br \/>\nM\u00f6chten Sie bei sich Rollrasen fachlich von uns verlegen lassen? Wir sagen kein Problem! Der Mutterboden f\u00fcr den Rollrasen wird von uns fachgerecht vorbereitet f\u00fcr den Rollrasen. Der Rollrasen wird von uns fachgerecht in wenigen Stunden je nach Gr\u00f6\u00dfe der Rasenfl\u00e4che verlegt. Wir beraten Sie gern zum richtigen Rollrasen f\u00fcr Ihre Rasenfl\u00e4che.<\/p>\n<p>&nbsp;<\/p>\n<p><strong>Pflasterarbeiten<\/strong><\/p>\n<p>Pflasterarbeiten und Plattenbel\u00e4ge aus Beton, Keramik, Naturstein<br \/>\nPflasterarbeiten oder Plattenbel\u00e4ge machen G\u00e4rten, Au\u00dfenanlagen und Einfahrten richtig lebendig. RS Au\u00dfenanlagenbau pflastert auch Ihr Grundst\u00fcck, Gehwege, Stellpl\u00e4tze, Terrassen und auch Zufahrten. Zahlreiche Verlegem\u00f6glichkeiten und einer sehr gro\u00dfen Auswahl von Materialvielfalt von Plattenbel\u00e4gen und Steinen entstehen im Garten und Ihrer Au\u00dfenanlage wundersch\u00f6ne Fl\u00e4chen die wir individuell gestalten.<br \/>\nPflasterarbeiten erm\u00f6glichen unterschiedliche Formen, auch von der Farbgebung und Gr\u00f6\u00dfen der Pflastersteine erm\u00f6glichen ein abwechslungsreiches Design. RS Au\u00dfenanlagenbau liebt es Kreative Pflasterarbeiten in Angriff zu nehmen.<br \/>\nVerschiedene Formen von Steinen oder Plattenbel\u00e4gen rechteckig, unregelm\u00e4\u00dfig gebrochene Polygonalplatten oder aber, quadratisch alles ist m\u00f6glich. Trittplatten k\u00f6nnen im Garten einen sehr sch\u00f6nen Weg zieren aber auch f\u00fcr Hofeinfahrten in Verbindung mit anderen Steinen oder anderen Farben, wichtig ist, das es immer ein sch\u00f6nes Design wird.<br \/>\nPlattenbel\u00e4ge aus Natur- und Betonstein verschiedene Pflastersteine verarbeiten wir in gebundener Bauweise (M\u00f6rtelbett) auch ungebundene Bauweise durch die Verlegung im Splitt. Pflastersteine unterschiedlicher F\u00e4rbungen wie Naturstein, Quarzit, Sandstein, Granit, Porphyr oder Gneis die Verwendung.<br \/>\nDie Planung, Gestaltung, die Auswahl f\u00fcr das geeignete Pflaster oder den Plattenbel\u00e4gen, sind wir Ihnen gerne behilflich. Eine langj\u00e4hrige Erfahrung ist der Begleiter von RS Au\u00dfenanlagenbau.<\/p>\n<p>&nbsp;<\/p>\n<p><b>Gartenpflege <\/b><\/p>\n<p><img loading=\"lazy\" decoding=\"async\" class=\"alignnone wp-image-4\" src=\"http:\/\/rs-aussenanlagen.de\/wp-content\/uploads\/2020\/06\/bridge-53769_960_720-300x205.jpg\" alt=\"\" width=\"241\" height=\"165\" srcset=\"http:\/\/rs-aussenanlagen.de\/wp-content\/uploads\/2020\/06\/bridge-53769_960_720-300x205.jpg 300w, http:\/\/rs-aussenanlagen.de\/wp-content\/uploads\/2020\/06\/bridge-53769_960_720-768x524.jpg 768w, http:\/\/rs-aussenanlagen.de\/wp-content\/uploads\/2020\/06\/bridge-53769_960_720-400x273.jpg 400w, http:\/\/rs-aussenanlagen.de\/wp-content\/uploads\/2020\/06\/bridge-53769_960_720-800x546.jpg 800w, http:\/\/rs-aussenanlagen.de\/wp-content\/uploads\/2020\/06\/bridge-53769_960_720.jpg 960w\" sizes=\"auto, (max-width: 241px) 100vw, 241px\" \/><\/p>\n<p>Die Hecke in Form bringen der pflanzliche Sichtschutzhecken<br \/>\nGr\u00fcnhecken und auch Str\u00e4ucher m\u00fcssen in regelm\u00e4\u00dfigen Abst\u00e4nden immer geschnitten werden, die volle Pracht sollte immer zur Geltung kommen.<br \/>\nEs gibt in der Hecke schwache, Kranke sowie auch kreuzwachsende Triebe, die gilt es zu entfernen mit professionellen Heckenschnitt.<br \/>\nEin dichter Wuchs und die gew\u00fcnschte Form der Hecke werden nur dann erreicht und gew\u00e4hrleistet, wenn der Heckenschnitt immer regelm\u00e4\u00dfig durchgef\u00fchrt worden ist. Eine Hecke sollte bis zu zweimal im Jahr den professionellen Heckenschnitt bekommen, im Sommer oder aber im Fr\u00fchherbst je nach Heckenart fachlich durchgef\u00fchrt werden und auch erfolgen.<br \/>\nWir \u00fcbernehmen den Heckenschnitt Ihrer Grenzhecken, und Sichtschutzhecken aber auch die Friedhofhecken sowie die Schnittgutabfuhr.<\/p>\n<p>&nbsp;<\/p>\n<p><i>Eine gute Planung,\u00a0Kreativit\u00e4t\u00a0und klare Kommunikation f\u00fchren schneller zum angestrebten Erfolg!<\/i><\/p>\n","protected":false},"excerpt":{"rendered":"<p>Unsere Leistungen &#8211; Baumschnitt &#8211; Erdarbeiten &#8211; Gartenh\u00e4user &#8211; Gabionen &#8211; Gr\u00fcnanlagenpflege &#8211; Heckenschnitt &#8211; Kreative Pflasterarbeiten &#8211; Natursteinmauern &#8211; Obst-Baumschnitt &#8211; Pflasterarbeiten &#8211; Pflanzen &hellip; <\/p>\n","protected":false},"author":1,"featured_media":0,"parent":0,"menu_order":0,"comment_status":"closed","ping_status":"closed","template":"","meta":{"footnotes":""},"class_list":["post-79","page","type-page","status-publish","hentry"],"_links":{"self":[{"href":"http:\/\/rs-aussenanlagen.de\/index.php?rest_route=\/wp\/v2\/pages\/79","targetHints":{"allow":["GET"]}}],"collection":[{"href":"http:\/\/rs-aussenanlagen.de\/index.php?rest_route=\/wp\/v2\/pages"}],"about":[{"href":"http:\/\/rs-aussenanlagen.de\/index.php?rest_route=\/wp\/v2\/types\/page"}],"author":[{"embeddable":true,"href":"http:\/\/rs-aussenanlagen.de\/index.php?rest_route=\/wp\/v2\/users\/1"}],"replies":[{"embeddable":true,"href":"http:\/\/rs-aussenanlagen.de\/index.php?rest_route=%2Fwp%2Fv2%2Fcomments&post=79"}],"version-history":[{"count":7,"href":"http:\/\/rs-aussenanlagen.de\/index.php?rest_route=\/wp\/v2\/pages\/79\/revisions"}],"predecessor-version":[{"id":441,"href":"http:\/\/rs-aussenanlagen.de\/index.php?rest_route=\/wp\/v2\/pages\/79\/revisions\/441"}],"wp:attachment":[{"href":"http:\/\/rs-aussenanlagen.de\/index.php?rest_route=%2Fwp%2Fv2%2Fmedia&parent=79"}],"curies":[{"name":"wp","href":"https:\/\/api.w.org\/{rel}","templated":true}]}}