{"id":389,"date":"2020-06-23T10:06:19","date_gmt":"2020-06-23T10:06:19","guid":{"rendered":"http:\/\/rs-aussenanlagen.de\/?page_id=389"},"modified":"2020-09-23T15:47:52","modified_gmt":"2020-09-23T15:47:52","slug":"datenschutz","status":"publish","type":"page","link":"http:\/\/rs-aussenanlagen.de\/?page_id=389","title":{"rendered":"Datenschutz"},"content":{"rendered":"<h6>Datenschutzerkl\u00e4rung und Einwilligungen<\/h6>\n<h6>Diese Datenschutzerkl\u00e4rung kl\u00e4rt \u00fcber die Erhebung, Verarbeitung und Nutzung Ihrer Daten auf unserer Webseite und deren anh\u00e4ngigen Systemen auf.<\/h6>\n<h6><strong>Verantwortlicher im Sinne des BDSG neu und der DSGVO ist:<\/strong><\/h6>\n<h6>RS Au\u00dfenanlagenbau Haus- und Gartengestaltung<br \/>\nvertreten durch Ronny Stark<br \/>\nAm Anger 14<br \/>\n18528 Parchtitz<\/h6>\n<h6><strong>Datenschutzbeauftragter ist:<\/strong><\/h6>\n<h6>Herr Steffen Tiebe<br \/>\nFrankenwall 15<br \/>\n18439 Stralsund<br \/>\neMail: <a href=\"mailto:steffen.tiebe@gmail.com\">steffen.tiebe@gmail.com<\/a><\/h6>\n<hr \/>\n<h6>Der Begriff \u201eNutzer\u201c umfasst alle Verwender und Besucher der Website. Die im Rahmen dieser Datenschutzerkl\u00e4rung verwendeten Begrifflichkeiten, wie z.B. \u201eNutzer\u201c sind geschlechtsneutral zu verstehen.<\/h6>\n<h6>Mit den Begriffen \u201eWir\u201c, \u201eUns\u201c und \u201eUnser\u201c ist im Weiteren immer der Verantwortliche gemeint.<\/h6>\n<h6><strong>Wir nehmen den Schutz Ihrer pers\u00f6nlichen Daten sehr ernst<\/strong><\/h6>\n<h6>Personenbezogene Daten werden von uns nur dann erhoben, verarbeitet und genutzt, sofern dies gesetzlich erlaubt ist oder Sie uns hierzu Ihre Einwilligung erteilt haben. Die nachfolgenden Punkte geben Ihnen einen \u00dcberblick dar\u00fcber, an welchen Stellen und zu welchem Zweck K\u00e4uferportal Daten der Interessenten erhebt, verarbeitet und nutzt:<\/h6>\n<h6>Daten die wir freiwillig von Ihnen erhalten, per eMail, pers\u00f6nlich oder telefonisch, werden ausschlie\u00dflich zum Zweck der Kundenbetreuung verwenden. Dazu z\u00e4hlt das Erstellen von Angeboten, die Abwicklung von Auftr\u00e4gen, die Kommunikation zu Fach-Themen auf den Kan\u00e4len eMail, Telefon und ggf. Fax, sowie die Abrechnung von Auftr\u00e4gen.<\/h6>\n<h6>Daten, die Sie uns f\u00fcr einen bestimmten Zweck zur Verf\u00fcgung gestellt haben, werden ausschlie\u00dflich f\u00fcr diesen verwendet und niemals f\u00fcr einen weitern Zweck.<\/h6>\n<h6>Die L\u00f6schung der Daten erfolgt schnellstm\u00f6glich nach Abschluss aller notwendigen Vorg\u00e4nge zu Ihrer Bearbeitung, sp\u00e4testens nach Ablauf der gesetzlichen Aufbewahrungsfristen.<\/h6>\n<h6><strong>Rechtsgrundlage<\/strong><\/h6>\n<h6>Rechtsgrundlage f\u00fcr die Verarbeitung Ihrer Daten ist die nachfolgende Einwilligung<\/h6>\n<hr \/>\n<h6><\/h6>\n<h6><strong>Einwilligung gem\u00e4\u00df Art.6 Abs. (1) a) DSGVO <\/strong><\/h6>\n<h6><\/h6>\n<h6>Ich nehme zur Kenntnis, dass, mit der Nutzung dieser Webseite, meine personenbezogenen Daten zum Zwecke der:<\/h6>\n<h6><\/h6>\n<ul>\n<li>\n<h6>Auftragsbearbeitung<\/h6>\n<\/li>\n<li>\n<h6>Erstellung von anonymisierten Statistiken und Analysen<\/h6>\n<\/li>\n<li>\n<h6>Betrieb und Verwaltung des Webservers, speziell der LogFiles<\/h6>\n<\/li>\n<\/ul>\n<h6><\/h6>\n<h6>gespeichert werden k\u00f6nnen. Diese Speicherung erfolgt in der Regel elektronisch. Die freiwillig angegebenen Daten werden ausschlie\u00dflich f\u00fcr den Zweck verwendet, f\u00fcr den sie \u00fcberlassen wurden. Eine Weitergabe an Dritte erfolgt nicht, es sei denn, dies ist zwingend notwendig f\u00fcr die Auftragsbearbeitung oder \u2013abrechnung. Die Speicherung der Daten orientiert sich an den gesetzlichen Aufbewahrungsfristen. Diese betragen derzeit 10 Jahre. Danach werden die Daten laut L\u00f6schkonzept gel\u00f6scht, oder anonymisiert.<\/h6>\n<h6><strong>Ihnen stehen folgende Rechte gem\u00e4\u00df Datenschutzgrundverordnung (DSGVO) zu: <\/strong><\/h6>\n<h6><strong>Recht auf Auskunft:<\/strong> Sie k\u00f6nnen gem\u00e4\u00df Artikel 15 DSGVO eine Best\u00e4tigung dar\u00fcber verlangen, ob Sie betreffende Daten verarbeitet werden. Ist dies der Fall, so haben Sie ein Recht auf Auskunft \u00fcber die verarbeiteten Informationen.<br \/>\n<strong>Recht auf Widerruf der Einwilligung:<\/strong> Sofern die Verarbeitung Ihrer personenbezogenen Daten aufgrund einer Einwilligung erfolgt, haben Sie gem\u00e4\u00df Artikel 7 DSGVO das Recht, diese Einwilligung jederzeit zu widerrufen.<br \/>\n<strong>Recht auf Widerspruch:<\/strong> Sofern die Verarbeitung Ihrer personenbezogenen Daten zur Wahrung der berechtigten Interessen unseres Unternehmens erforderlich ist, k\u00f6nnen Sie gem\u00e4\u00df Artikel 21 DSGVO jederzeit Widerspruch gegen die Verarbeitung einlegen.<br \/>\n<strong>Recht auf L\u00f6schung:<\/strong> Sofern Sie Ihre Einwilligung widerrufen haben, Widerspruch gegen die Verarbeitung Ihrer personenbezogenen Daten eingelegt haben (und keine vorrangigen berechtigten Gr\u00fcnde f\u00fcr die Verarbeitung vorliegen), Ihre personenbezogenen Daten f\u00fcr die Zwecke der Verarbeitung nicht mehr notwendig sind, eine entsprechende rechtliche Verpflichtung besteht oder Ihre personenbezogenen Daten unrechtm\u00e4\u00dfig verarbeitet wurden, haben Sie das Recht, gem\u00e4\u00df Artikel 17 DSGVO die L\u00f6schung Ihrer personenbezogenen Daten zu verlangen.<br \/>\n<strong>Recht auf Berichtigung:<\/strong> Sofern Ihre personenbezogenen Daten unrichtig verarbeitet wurden, haben Sie gem\u00e4\u00df Artikel 16 DSGVO das Recht, unverz\u00fcglich die Berichtigung dieser Daten zu verlangen.<br \/>\n<strong>Recht auf Einschr\u00e4nkung der Verarbeitung:<\/strong> Unter den Voraussetzungen des Artikels 18 DSGVO haben Sie das Recht, die Einschr\u00e4nkung der Verarbeitung Ihrer personenbezogenen Daten zu verlangen.<br \/>\n<strong>Recht auf Daten\u00fcbertragbarkeit:<\/strong> Ihnen steht gem\u00e4\u00df Artikel 20 DSGVO das Recht zu, von Ihnen bereitgestellte personenbezogene Daten in einem strukturierten, g\u00e4ngigen und maschinenlesbaren Format zu erhalten.<br \/>\n<strong>Beschwerderecht:<\/strong> Ihnen steht gem\u00e4\u00df Artikel 13 DSGVO ein Beschwerderecht bei der zust\u00e4ndigen Aufsichts-beh\u00f6rde zu.<\/h6>\n<h6>Um Ihre Rechte geltend zu machen, k\u00f6nnen Sie unseren Datenschutzbeauftragten unter folgender E- Mail-Adresse kontaktieren: <a href=\"mailto:steffen.tiebe@gmail.com\">steffen.tiebe@gmail.com<\/a><\/h6>\n<hr \/>\n<h6>Sollten Sie damit nicht einverstanden sein, verlassen Sie bitte umgehenden diese Webseite. Eine L\u00f6schung der bereits gespeicherten Daten (z.B. Server-Log-Files) erfolgt automatisch, nach den L\u00f6schfristen unseres Providers.<\/h6>\n<h6>weitere Rechtsgrundlagen sind:<\/h6>\n<h6 class=\"bodytext\">\u2013 rechtliche Verpflichtungen<\/h6>\n<h6 class=\"bodytext\">\u2013 Zur Wahrung eines berechtigten Interesses. Die Interessen, Grundrechte und Grundfreiheiten der Betroffenen \u00fcberwiegen das erstgenannte Interesse nicht.<\/h6>\n<h6 class=\"bodytext\">Unser Anliegen im Sinne der DSGVO (berechtigtes Interesse) ist die Verbesserung unseres Angebotes und unseres Webauftritts. Da uns die Privatsph\u00e4re unserer Nutzer wichtig ist, werden die Nutzerdaten pseudonymisiert. Die Daten werden von uns f\u00fcr ein Jahr zu Nutzungsanalysezwecken gespeichert.<\/h6>\n<h6><strong>Datensicherheit<\/strong><\/h6>\n<h6>Wir verarbeiten personenbezogene Daten der Nutzer nur unter Einhaltung der einschl\u00e4gigen Datenschutzbestimmungen entsprechend den Geboten der Datensparsamkeit- und Datenvermeidung. Das bedeutet die Daten der Nutzer werden nur beim Vorliegen einer gesetzlichen Erlaubnis, insbesondere wenn die Daten zur Erbringung unserer vertraglichen Leistungen sowie Online-Services erforderlich, bzw. gesetzlich vorgeschrieben sind oder beim Vorliegen einer Einwilligung, verarbeitet.<\/h6>\n<h6>Wir treffen organisatorische, vertragliche und technische Sicherheitsma\u00dfnahmen entsprechend dem Stand der Technik, um sicher zu stellen, dass die Vorschriften der Datenschutzgesetze eingehalten werden und um damit die durch uns verarbeiteten Daten gegen zuf\u00e4llige oder vors\u00e4tzliche Manipulationen, Verlust, Zerst\u00f6rung oder gegen den Zugriff unberechtigter Personen zu sch\u00fctzen.<\/h6>\n<h6><strong>Dritt-Anbieter<\/strong><\/h6>\n<h6>Sofern im Rahmen dieser Datenschutzerkl\u00e4rung Inhalte, Werkzeuge oder sonstige Mittel von anderen Anbietern (nachfolgend gemeinsam bezeichnet als \u201eDritt-Anbieter\u201c) eingesetzt werden und deren genannter Sitz im Ausland ist, ist davon auszugehen, dass ein Datentransfer in die Sitzstaaten der Dritt-Anbieter stattfindet. Die \u00dcbermittlung von Daten in Drittstaaten erfolgt entweder auf Grundlage einer gesetzlichen Erlaubnis, einer Einwilligung der Nutzer oder spezieller Vertragsklauseln, die eine gesetzlich vorausgesetzte Sicherheit der Daten gew\u00e4hrleisten.<\/h6>\n<h6><strong>Erhebung von Zugriffsdaten<\/strong><\/h6>\n<h6>Wir erheben Daten \u00fcber jeden Zugriff auf den Server, auf dem sich dieser Dienst befindet (so genannte Serverlogfiles). Zu den Zugriffsdaten geh\u00f6ren Name der abgerufenen Webseite, Datei, Datum und Uhrzeit des Abrufs, \u00fcbertragene Datenmenge, Meldung \u00fcber erfolgreichen Abruf, Browsertyp nebst Version, das Betriebssystem des Nutzers, Referrer URL (die zuvor besuchte Seite), IP-Adresse und der anfragende Provider.<\/h6>\n<h6>Wir verwenden die Protokolldaten ohne Zuordnung zur Person des Nutzers oder sonstiger Profilerstellung entsprechend den gesetzlichen Bestimmungen nur f\u00fcr statistische Auswertungen zum Zweck des Betriebs, der Sicherheit und der Optimierung der Website. Wir behalten uns jedoch vor, die Protokolldaten nachtr\u00e4glich zu \u00fcberpr\u00fcfen, wenn aufgrund konkreter Anhaltspunkte der berechtigte Verdacht einer rechtswidrigen Nutzung besteht.<\/h6>\n<h6><strong>Cookies<\/strong><\/h6>\n<h6>Cookies sind Informationen, die von unserem Webserver oder Webservern Dritter an die Web-Browser der Nutzer \u00fcbertragen und dort f\u00fcr einen sp\u00e4teren Abruf gespeichert werden. \u00dcber den Einsatz von Cookies im Rahmen pseudonymer Reichweitenmessung werden die Nutzer im Rahmen dieser Datenschutzerkl\u00e4rung informiert. Dar\u00fcber hinaus werden Cookies f\u00fcr Darstellungszwecke oder rechtlich erforderliche Funktionen, wie z.B. Vermerk, dass das Cookie-Hinweis-Banner best\u00e4tigt wurde, eine Reichweitenmessung nicht erfolgen soll (sog. \u201eOpt-Out\u201c-Cookie) oder Anpassung des Website-Designs an unterschiedliche Ger\u00e4te, verwendet.<\/h6>\n<h6>Die Betrachtung dieses Onlineangebotes ist auch unter Ausschluss von Cookies m\u00f6glich. Falls die Nutzer nicht m\u00f6chten, dass Cookies auf ihrem Rechner gespeichert werden, werden sie gebeten die entsprechende Option in den Systemeinstellungen ihres Browsers zu deaktivieren. Gespeicherte Cookies k\u00f6nnen in den Systemeinstellungen des Browsers gel\u00f6scht werden. Der Ausschluss von Cookies kann zu Funktionseinschr\u00e4nkungen dieses Onlineangebotes f\u00fchren.<\/h6>\n<h6><b>Google Maps<\/b><\/h6>\n<h6 class=\"bodytext\">Diese Webseite verwendet die Google Maps\u00a0API, um geographische Informationen visuell darzustellen. Bei der Nutzung von Google Maps werden von Google auch Daten \u00fcber die Nutzung der Maps-Funktionen durch Besucher der Webseiten erhoben, verarbeitet und genutzt. N\u00e4here Informationen \u00fcber die Datenverarbeitung durch Google k\u00f6nnen Sie\u00a0den <a class=\"external\" title=\"Opens external link in new window\" href=\"http:\/\/www.google.com\/privacypolicy.html\" target=\"_blank\" rel=\"noopener noreferrer\">Datenschutzhinweisen von Google<\/a> entnehmen. Dort k\u00f6nnen Sie\u00a0im Datenschutzcenter auch Deine Einstellungen ver\u00e4ndern, so dass Sie\u00a0Ihre Daten verwalten und sch\u00fctzen k\u00f6nnen.<\/h6>\n<h6><strong>\u00c4nderungen der Datenschutzerkl\u00e4rung<\/strong><\/h6>\n<h6>Wir behalten uns vor, die Datenschutzerkl\u00e4rung zu \u00e4ndern, um sie an ge\u00e4nderte Rechtslagen, oder bei \u00c4nderungen des Dienstes sowie der Datenverarbeitung anzupassen. Dies gilt jedoch nur im Hinblick auf Erkl\u00e4rungen zur Datenverarbeitung. Sofern Einwilligungen der Nutzer erforderlich sind oder Bestandteile der Datenschutzerkl\u00e4rung Regelungen des Vertragsverh\u00e4ltnisses mit den Nutzern enthalten, erfolgen die \u00c4nderungen nur mit Zustimmung der Nutzer.<\/h6>\n<h6>Die Nutzer werden gebeten sich regelm\u00e4\u00dfig \u00fcber den Inhalt der Datenschutzerkl\u00e4rung zu informieren.<\/h6>\n<h6>Stand: April 2019<\/h6>\n","protected":false},"excerpt":{"rendered":"<p>Datenschutzerkl\u00e4rung und Einwilligungen Diese Datenschutzerkl\u00e4rung kl\u00e4rt \u00fcber die Erhebung, Verarbeitung und Nutzung Ihrer Daten auf unserer Webseite und deren anh\u00e4ngigen Systemen auf. Verantwortlicher im Sinne &hellip; <\/p>\n","protected":false},"author":1,"featured_media":0,"parent":0,"menu_order":0,"comment_status":"closed","ping_status":"closed","template":"","meta":{"footnotes":""},"class_list":["post-389","page","type-page","status-publish","hentry"],"_links":{"self":[{"href":"http:\/\/rs-aussenanlagen.de\/index.php?rest_route=\/wp\/v2\/pages\/389","targetHints":{"allow":["GET"]}}],"collection":[{"href":"http:\/\/rs-aussenanlagen.de\/index.php?rest_route=\/wp\/v2\/pages"}],"about":[{"href":"http:\/\/rs-aussenanlagen.de\/index.php?rest_route=\/wp\/v2\/types\/page"}],"author":[{"embeddable":true,"href":"http:\/\/rs-aussenanlagen.de\/index.php?rest_route=\/wp\/v2\/users\/1"}],"replies":[{"embeddable":true,"href":"http:\/\/rs-aussenanlagen.de\/index.php?rest_route=%2Fwp%2Fv2%2Fcomments&post=389"}],"version-history":[{"count":5,"href":"http:\/\/rs-aussenanlagen.de\/index.php?rest_route=\/wp\/v2\/pages\/389\/revisions"}],"predecessor-version":[{"id":445,"href":"http:\/\/rs-aussenanlagen.de\/index.php?rest_route=\/wp\/v2\/pages\/389\/revisions\/445"}],"wp:attachment":[{"href":"http:\/\/rs-aussenanlagen.de\/index.php?rest_route=%2Fwp%2Fv2%2Fmedia&parent=389"}],"curies":[{"name":"wp","href":"https:\/\/api.w.org\/{rel}","templated":true}]}}