{"id":385,"date":"2020-06-23T09:55:57","date_gmt":"2020-06-23T09:55:57","guid":{"rendered":"http:\/\/rs-aussenanlagen.de\/?page_id=385"},"modified":"2020-09-23T15:48:06","modified_gmt":"2020-09-23T15:48:06","slug":"impressum","status":"publish","type":"page","link":"http:\/\/rs-aussenanlagen.de\/?page_id=385","title":{"rendered":"Impressum"},"content":{"rendered":"<h6>Inhaber und Betreiber der Homepage:<\/h6>\n<h6>RS Au\u00dfenanlagenbau Haus- und Gartengestaltung<\/h6>\n<h6>Gesch\u00e4ftsf\u00fchrer: Ronny Stark<br \/>\nAm Anger 14<br \/>\n18528 Parchtitz<br \/>\nOT Gademow<\/h6>\n<h6><\/h6>\n<h6><strong>Datenschutzbeauftragter ist:<\/strong><\/h6>\n<h6>Herr Steffen Tiebe<br \/>\nFrankenwall 15<br \/>\n18439 Stralsund<br \/>\neMail: steffen.tiebe@gmail.com<\/h6>\n<h6>1. Inhalt des Onlineangebotes<br \/>\nDer Autor selbst und die Informationszubringer sind stets bem\u00fcht, qualitativ hochwertige Informationen zur Verf\u00fcgung zu stellen. Trotzdem \u00fcbernimmt der Autor keinerlei Gew\u00e4hr f\u00fcr die Aktualit\u00e4t, Korrektheit, Vollst\u00e4ndigkeit oder Qualit\u00e4t der bereitgestellten Informationen. Haftungsanspr\u00fcche gegen den Autor, die sich auf Sch\u00e4den materieller oder ideeller Art beziehen, welche durch die Nutzung oder Nichtnutzung der dargebotenen Informationen bzw. durch die Nutzung fehlerhafter und unvollst\u00e4ndiger Informationen verursacht wurden, sind grunds\u00e4tzlich ausgeschlossen, sofern seitens des Autors kein nachweislich vors\u00e4tzliches oder grob fahrl\u00e4ssiges Verschulden vorliegt.<br \/>\n2. Verweise und Links<br \/>\nSofern auf Verweisziele (\u201eLinks\u201c) direkt oder indirekt verwiesen wird, die au\u00dferhalb des Verantwortungsbereiches des Autors liegen, haftet dieser nur dann, wenn er von den Inhalten Kenntnis hat und es ihm technisch m\u00f6glich und zumutbar w\u00e4re, die Nutzung im Falle rechtswidriger Inhalte zu verhindern. F\u00fcr dar\u00fcber hinausgehende Inhalte und insbesondere f\u00fcr Sch\u00e4den, die aus der Nutzung oder Nichtnutzung solcherart dargebotener Informationen entstehen, haftet allein der Anbieter dieser Seiten, nicht derjenige, der \u00fcber Links auf die jeweilige Ver\u00f6ffentlichung lediglich verweist.<br \/>\n3. Urheberrecht<br \/>\nDer Autor ist bestrebt, in allen Publikationen die Urheberrechte der verwendeten Grafiken, Sounds und Texte zu beachten, von ihm selbst erstellte Grafiken, Sounds und Texte zu nutzen oder auf lizenzfreie Grafiken, Sounds und Texte zur\u00fcckzugreifen. Sollte sich auf den jeweiligen Seiten dennoch eine ungekennzeichnete, aber durch fremdes Copyright gesch\u00fctzte Grafik, ein Sound oder Text befinden, so konnte das Copyright vom Autor nicht festgestellt werden. Im Falle einer solchen unbeabsichtigten Copyrightverletzung wird der Autor das entsprechende Objekt nach Benachrichtigung aus seiner Publikation entfernen bzw. mit dem entsprechenden Copyright kenntlich machen.<\/h6>\n<h6>Der Gerichtsstand ist Bergen auf R\u00fcgen.<\/h6>\n","protected":false},"excerpt":{"rendered":"<p>Inhaber und Betreiber der Homepage: RS Au\u00dfenanlagenbau Haus- und Gartengestaltung Gesch\u00e4ftsf\u00fchrer: Ronny Stark Am Anger 14 18528 Parchtitz OT Gademow Datenschutzbeauftragter ist: Herr Steffen Tiebe &hellip; <\/p>\n","protected":false},"author":1,"featured_media":0,"parent":0,"menu_order":0,"comment_status":"closed","ping_status":"closed","template":"","meta":{"footnotes":""},"class_list":["post-385","page","type-page","status-publish","hentry"],"_links":{"self":[{"href":"http:\/\/rs-aussenanlagen.de\/index.php?rest_route=\/wp\/v2\/pages\/385","targetHints":{"allow":["GET"]}}],"collection":[{"href":"http:\/\/rs-aussenanlagen.de\/index.php?rest_route=\/wp\/v2\/pages"}],"about":[{"href":"http:\/\/rs-aussenanlagen.de\/index.php?rest_route=\/wp\/v2\/types\/page"}],"author":[{"embeddable":true,"href":"http:\/\/rs-aussenanlagen.de\/index.php?rest_route=\/wp\/v2\/users\/1"}],"replies":[{"embeddable":true,"href":"http:\/\/rs-aussenanlagen.de\/index.php?rest_route=%2Fwp%2Fv2%2Fcomments&post=385"}],"version-history":[{"count":4,"href":"http:\/\/rs-aussenanlagen.de\/index.php?rest_route=\/wp\/v2\/pages\/385\/revisions"}],"predecessor-version":[{"id":446,"href":"http:\/\/rs-aussenanlagen.de\/index.php?rest_route=\/wp\/v2\/pages\/385\/revisions\/446"}],"wp:attachment":[{"href":"http:\/\/rs-aussenanlagen.de\/index.php?rest_route=%2Fwp%2Fv2%2Fmedia&parent=385"}],"curies":[{"name":"wp","href":"https:\/\/api.w.org\/{rel}","templated":true}]}}